{"id":2108,"date":"2022-03-16T10:23:11","date_gmt":"2022-03-16T09:23:11","guid":{"rendered":"https:\/\/bourgoing.com\/ressources-aid\/"},"modified":"2022-03-23T16:12:09","modified_gmt":"2022-03-23T15:12:09","slug":"ressources-aid","status":"publish","type":"page","link":"https:\/\/bourgoing.com\/en\/ressources-aid\/","title":{"rendered":"International Development and Humanitarian Aid Data &#038; Resources"},"content":{"rendered":"\n<style type=\"text\/css\" data-created_by=\"avia_inline_auto\" id=\"style-css-av-mgamz-6091bc8bb6a37c954fb936424d73386c\">\n.avia-section.av-mgamz-6091bc8bb6a37c954fb936424d73386c .av-parallax .av-parallax-inner{\nbackground-repeat:no-repeat;\nbackground-image:url(https:\/\/bourgoing.com\/wp-content\/uploads\/2022\/01\/fond-pissenlit-base.jpeg);\nbackground-position:0% 0%;\nbackground-attachment:scroll;\n}\n<\/style>\n<div id='av_section_1'  class='avia-section av-mgamz-6091bc8bb6a37c954fb936424d73386c main_color avia-section-large avia-no-border-styling  avia-builder-el-0  el_before_av_one_full  avia-builder-el-first  avia-full-stretch av-parallax-section avia-bg-style-parallax  av-minimum-height av-minimum-height-25  container_wrap sidebar_right'  data-section-bg-repeat='stretch' data-av_minimum_height_pc='25'><div class='av-parallax' data-avia-parallax-ratio='0.3' ><div class='av-parallax-inner main_color avia-full-stretch'><\/div><\/div><div class='container av-section-cont-open' ><main  role=\"main\" itemprop=\"mainContentOfPage\"  class='template-page content  av-content-small alpha units'><div class='post-entry post-entry-type-page post-entry-2108'><div class='entry-content-wrapper clearfix'>\n<div class='flex_column av-dchpn-3ecd7983c2ed1a9dc86a896c63615290 av_one_full  avia-builder-el-1  avia-builder-el-no-sibling  first flex_column_div '   ><p>\n<style type=\"text\/css\" data-created_by=\"avia_inline_auto\" id=\"style-css-av-kxyg3k0l-169b6614bf3194b4f491fefc2598c039\">\n#top .av-special-heading.av-kxyg3k0l-169b6614bf3194b4f491fefc2598c039{\nmargin:80px 0 0 0;\npadding-bottom:10px;\ncolor:#274959;\nfont-size:40px;\n}\n.av-special-heading.av-kxyg3k0l-169b6614bf3194b4f491fefc2598c039 .special-heading-inner-border{\nborder-color:#274959;\n}\n<\/style>\n<div  class='av-special-heading av-kxyg3k0l-169b6614bf3194b4f491fefc2598c039 av-special-heading-h1 custom-color-heading blockquote modern-quote modern-centered  avia-builder-el-2  el_before_av_hr  avia-builder-el-first  gras av-inherit-size '><h1 class='av-special-heading-tag '  itemprop=\"headline\"  >Formation<\/h1><div class='special-heading-border'><div class='special-heading-inner-border'><\/div><\/div><\/div><br \/>\n\n<style type=\"text\/css\" data-created_by=\"avia_inline_auto\" id=\"style-css-av-6makr-09fee9dd730253712de1f791823ced89\">\n#top .hr.av-6makr-09fee9dd730253712de1f791823ced89{\nmargin-top:0px;\nmargin-bottom:40px;\n}\n.hr.av-6makr-09fee9dd730253712de1f791823ced89 .hr-inner{\nwidth:50px;\nborder-color:#274959;\n}\n<\/style>\n<div  class='hr av-6makr-09fee9dd730253712de1f791823ced89 hr-custom  avia-builder-el-3  el_after_av_heading  avia-builder-el-last  hr-center hr-icon-no '><span class='hr-inner inner-border-av-border-fat'><span class=\"hr-inner-style\"><\/span><\/span><\/div><\/p><\/div>\n<\/div><\/div><\/main><!-- close content main element --><\/div><\/div><div id='after_section_1'  class='main_color av_default_container_wrap container_wrap sidebar_right'  ><div class='container av-section-cont-open' ><div class='template-page content  av-content-small alpha units'><div class='post-entry post-entry-type-page post-entry-2108'><div class='entry-content-wrapper clearfix'>\n<\/div><\/div><\/div><!-- close content main div --><\/div><\/div><div id='av-layout-grid-1'  class='av-layout-grid-container entry-content-wrapper main_color av-flex-cells     container container_wrap sidebar_right'  >\n<div class=\"flex_cell no_margin av_one_half   \"  style='vertical-align:top; padding:5% 0px 5% 0px ; ' ><div class='flex_cell_inner' ><p><div class='flex_column av-1x3isr-eb2a55720f551c7f8454ceda28d02383 av_four_fifth first flex_column_div '   ><p>\n<style type=\"text\/css\" data-created_by=\"avia_inline_auto\" id=\"style-css-av-2zv52z-9818838f3550dd30fee09618596143f2\">\n#top .av-special-heading.av-2zv52z-9818838f3550dd30fee09618596143f2{\npadding-bottom:10px;\n}\n<\/style>\n<div  class='av-special-heading av-2zv52z-9818838f3550dd30fee09618596143f2 av-special-heading-h2 blockquote modern-quote  titre-trait '><h2 class='av-special-heading-tag '  itemprop=\"headline\"  >Formations sp\u00e9cialis\u00e9es<\/h2><div class='special-heading-border'><div class='special-heading-inner-border'><\/div><\/div><\/div><br \/>\n<section class=\"av_textblock_section \"  itemscope=\"itemscope\" itemtype=\"https:\/\/schema.org\/CreativeWork\" ><div class='avia_textblock  '   itemprop=\"text\" ><p>Mes formations son destin\u00e9s aux m\u00e9dias, aux organisations, aux instituts ou encore aux entreprises et organismes qui souhaitent d\u00e9velopper en interne leurs comp\u00e9tences et pour lesquelles la ma\u00eetrise de l\u2019information en ligne et de la veille digitale est capitale<\/p>\n<\/div><\/section><\/p><\/div><section class=\"av_textblock_section \"  itemscope=\"itemscope\" itemtype=\"https:\/\/schema.org\/CreativeWork\" ><div class='avia_textblock  '   itemprop=\"text\" ><p><\/br><span class=\"entoure\">Mes clients<\/span><\/p>\n<\/div><\/section><br \/>\n<section class=\"av_textblock_section \"  itemscope=\"itemscope\" itemtype=\"https:\/\/schema.org\/CreativeWork\" ><div class='avia_textblock  '   itemprop=\"text\" ><p><span class=\"av-special-heading-tag surligne\" style=\"font-family: 'merriweather', Helvetica, Arial, sans-serif; font-size: 18px; line-height: 1.1em; margin-bottom: 8px; display: inline-block; height: 7px;\"><i>M\u00e9dias professionnels<\/i><\/span><br \/>\n<span class=\"av-special-heading-tag surligne \" style=\"font-family: 'merriweather', Helvetica, Arial, sans-serif; font-size: 18px; line-height: 1.1em; margin-bottom: 8px; display: inline-block; height: 7px;\"><i>Organisations internationales<\/i><\/span><br \/>\n<span class=\"av-special-heading-tag surligne \" style=\"font-family: 'merriweather', Helvetica, Arial, sans-serif; font-size: 18px; line-height: 1.1em; margin-bottom: 8px; display: inline-block; height: 7px;\"><i>Instituts de formations<\/i><\/span><br \/>\n<span class=\"av-special-heading-tag surligne \" style=\"font-family: 'merriweather', Helvetica, Arial, sans-serif; font-size: 18px; line-height: 1.1em; margin-bottom: 8px; display: inline-block; height: 7px;\"><i>Entreprises technologiques &#038; digitales<\/i><\/span><\/p>\n<\/div><\/section><\/p>\n<\/div><\/div><div class=\"flex_cell no_margin av_one_half   \"  style='vertical-align:top; padding:5% 0 5% 0 ; ' ><div class='flex_cell_inner' ><p><section class=\"av_textblock_section \"  itemscope=\"itemscope\" itemtype=\"https:\/\/schema.org\/CreativeWork\" ><div class='avia_textblock  '   itemprop=\"text\" ><p><span class=\"entoure\">Mes sp\u00e9cialit\u00e9s<\/span><\/p>\n<\/div><\/section><br \/>\n\n<style type=\"text\/css\" data-created_by=\"avia_inline_auto\" id=\"style-css-av-vq4lq-42784ca199973fe65005f2c36281851a\">\n#top .flex_column.av-vq4lq-42784ca199973fe65005f2c36281851a{\nmargin-top:0px;\nmargin-bottom:0px;\n}\n.responsive #top #wrap_all .flex_column.av-vq4lq-42784ca199973fe65005f2c36281851a{\nmargin-top:0px;\nmargin-bottom:0px;\n}\n<\/style>\n<div class='flex_column av-vq4lq-42784ca199973fe65005f2c36281851a av_one_half first flex_column_div '   ><section class=\"av_textblock_section \"  itemscope=\"itemscope\" itemtype=\"https:\/\/schema.org\/CreativeWork\" ><div class='avia_textblock  '   itemprop=\"text\" ><h3 class=\"surligne\"><i>Techniques avanc\u00e9es de recherche<\/i><\/h3>\n<p>Lorem ipsum dolor sit amet, consectetuer adipiscing elit. Aenean commodo ligula eget dolor. Aenean massa.<\/p>\n<\/div><\/section><\/div>\n<style type=\"text\/css\" data-created_by=\"avia_inline_auto\" id=\"style-css-av-wxa2q-6633d658535fefea3663876b457b896d\">\n#top .flex_column.av-wxa2q-6633d658535fefea3663876b457b896d{\nmargin-top:0px;\nmargin-bottom:0px;\n}\n.responsive #top #wrap_all .flex_column.av-wxa2q-6633d658535fefea3663876b457b896d{\nmargin-top:0px;\nmargin-bottom:0px;\n}\n<\/style>\n<div class='flex_column av-wxa2q-6633d658535fefea3663876b457b896d av_one_half flex_column_div '   ><section class=\"av_textblock_section \"  itemscope=\"itemscope\" itemtype=\"https:\/\/schema.org\/CreativeWork\" ><div class='avia_textblock  '   itemprop=\"text\" ><h3 class=\"surligne\"><i>Fact-checking<\/i><\/h3>\n<p>Lorem ipsum dolor sit amet, consectetuer adipiscing elit. Aenean commodo ligula eget dolor. Aenean massa.<\/p>\n<\/div><\/section><\/div><div class='flex_column av-2pzpq-f7a29b0663f36e22026fcf9d399c5220 av_one_half first flex_column_div '   ><section class=\"av_textblock_section \"  itemscope=\"itemscope\" itemtype=\"https:\/\/schema.org\/CreativeWork\" ><div class='avia_textblock  '   itemprop=\"text\" ><h3 class=\"surligne\"><i>Investigation et Veille<\/i><\/h3>\n<p>Lorem ipsum dolor sit amet, consectetuer adipiscing elit. Aenean commodo ligula eget dolor. Aenean massa.<\/p>\n<\/div><\/section><\/div><div class='flex_column av-5v4i-594d06c55d6289aeb9ebf6f22e0d1d30 av_one_half flex_column_div '   ><section class=\"av_textblock_section \"  itemscope=\"itemscope\" itemtype=\"https:\/\/schema.org\/CreativeWork\" ><div class='avia_textblock  '   itemprop=\"text\" ><h3 class=\"surligne\"><i>Data journalisme environnemental<\/i><\/h3>\n<p>Lorem ipsum dolor sit amet, consectetuer adipiscing elit. Aenean commodo ligula eget dolor. Aenean massa.<\/p>\n<\/div><\/section><\/div><\/p>\n<\/div><\/div><\/div><\/div><\/div><\/div><!-- close content main div --><\/div><\/div>\n<style type=\"text\/css\" data-created_by=\"avia_inline_auto\" id=\"style-css-av-7e1sz-8edff641874fa293812c014b3344cdf1\">\n.avia-section.av-7e1sz-8edff641874fa293812c014b3344cdf1{\nbackground-color:#27495a;\nbackground-repeat:no-repeat;\nbackground-image:url(https:\/\/bourgoing.com\/wp-content\/uploads\/2021\/11\/fond-pissenlit.png);\nbackground-position:0% 0%;\nbackground-attachment:scroll;\n}\n<\/style>\n<div id='av_section_2'  class='avia-section av-7e1sz-8edff641874fa293812c014b3344cdf1 main_color avia-section-default avia-no-border-styling avia-bg-style-scroll  container_wrap sidebar_right'  data-section-bg-repeat='no-repeat'><div class='container av-section-cont-open' ><div class='template-page content  av-content-small alpha units'><div class='post-entry post-entry-type-page post-entry-2108'><div class='entry-content-wrapper clearfix'>\n<div class='flex_column av-1w5qqz-145ee53d96b239a8589d4c6b51c1610d av_one_full  avia-builder-el-4  el_after_av_section  el_before_av_section  avia-builder-el-no-sibling  first flex_column_div '   ><div   data-autoplay='false'  data-interval='5'  data-animation='slide'  data-show_slide_delay='30'  class='avia-content-slider-element-container avia-content-slider-element-slider avia-content-slider avia-smallarrow-slider avia-content-slider-active avia-content-slider1 avia-content-slider-odd  blanc ' ><div class='avia-smallarrow-slider-heading '><div class='new-special-heading'><h3 class=''>Exemples de cours<\/h3><\/div><\/div><div class='avia-content-slider-inner'><div class='slide-entry-wrap'><section class='slide-entry flex_column post-entry slide-entry-overview slide-loop-1 slide-parity-odd  av_one_fifth first'  itemscope=\"itemscope\" itemtype=\"https:\/\/schema.org\/CreativeWork\" ><h3 class='slide-entry-title entry-title masquer'  itemprop=\"headline\" >Fact-checking des images<\/h3><div class='slide-entry-excerpt entry-content'  itemprop=\"text\" ><div class=\"\" style=\"background: white; border-radius: 10px; min-height: 338px;\">\n<p><img loading=\"lazy\" decoding=\"async\" class=\"alignnone wp-image-800 svg-effect\" style=\"padding: 10px; left: 0px; padding-top: 40px; margin-left: auto; margin-right: auto; display: block;\" src=\"\/wp-content\/uploads\/2021\/11\/recherche-images-check.svg\" alt=\"\" width=\"235\" height=\"182\" \/><\/p>\n<p style=\"text-align: center; margin-top: 15px; color: #27495a; padding-left: 10px; padding-right: 10px;\">Fact-checking des images<\/p>\n<div class=\"avia-button-wrap avia-button-center avia-builder-el-48 el_after_av_textblock avia-builder-el-last \" style=\"display: flex; justify-content: center; padding-bottom: 20px;\"><a class=\"avia-button av-19ve6f-63c485316b4b29e0649c758b75b65521 avia-icon_select-no avia-size-medium avia-position-left avia-color-light \" href=\"https:\/\/dev.bourgoing.com\/our-story\/\"><span class=\"avia_iconbox_title\">Voir le programme<\/span><\/a><\/div>\n<\/div>\n<\/div><\/section><section class='slide-entry flex_column post-entry slide-entry-overview slide-loop-2 slide-parity-even  av_one_fifth '  itemscope=\"itemscope\" itemtype=\"https:\/\/schema.org\/CreativeWork\" ><h3 class='slide-entry-title entry-title masquer'  itemprop=\"headline\" >Comment interviewer une machine ?<\/h3><div class='slide-entry-excerpt entry-content'  itemprop=\"text\" ><div style=\"background: white; border-radius: 10px; min-height: 280px;\">\n<p><img loading=\"lazy\" decoding=\"async\" class=\"alignnone wp-image-800 svg-effect\" style=\"padding: 10px; left: 0px; padding-top: 40px; margin-left: auto; margin-right: auto; display: block;\" src=\"\/wp-content\/uploads\/2021\/11\/moteurs-de-recherches.svg\" alt=\"\" width=\"235\" height=\"182\" \/><\/p>\n<p style=\"text-align: center; margin-top: 15px; color: #27495a; padding-left: 10px; padding-right: 10px;\">Comment interviewer une machine ?<\/p>\n<div class=\"avia-button-wrap avia-button-center avia-builder-el-48 el_after_av_textblock avia-builder-el-last \" style=\"display: flex; justify-content: center; padding-bottom: 20px;\"><a class=\"avia-button av-19ve6f-63c485316b4b29e0649c758b75b65521 avia-icon_select-no avia-size-medium avia-position-left avia-color-light \" href=\"https:\/\/dev.bourgoing.com\/our-story\/\"><span class=\"avia_iconbox_title\">Voir le programme<\/span><\/a><\/div>\n<\/div>\n<\/div><\/section><section class='slide-entry flex_column post-entry slide-entry-overview slide-loop-3 slide-parity-odd  av_one_fifth '  itemscope=\"itemscope\" itemtype=\"https:\/\/schema.org\/CreativeWork\" ><h3 class='slide-entry-title entry-title masquer'  itemprop=\"headline\" >Fake news: le vrai du faux \u00e0 l\u2019heure de la post-v\u00e9rit\u00e9<\/h3><div class='slide-entry-excerpt entry-content'  itemprop=\"text\" ><div style=\"background: white; border-radius: 10px; min-height: 280px;\">\n<p><img loading=\"lazy\" decoding=\"async\" class=\"alignnone wp-image-800 svg-effect\" style=\"padding: 10px; left: 0px; padding-top: 40px; margin-left: auto; margin-right: auto; display: block;\" src=\"\/wp-content\/uploads\/2021\/11\/fake-news.svg\" alt=\"\" width=\"235\" height=\"182\" \/><\/p>\n<p style=\"text-align: center; margin-top: 15px; color: #27495a; padding-left: 10px; padding-right: 10px;\">Fake news: le vrai du faux \u00e0 l\u2019heure de la post-v\u00e9rit\u00e9<\/p>\n<div class=\"avia-button-wrap avia-button-center avia-builder-el-48 el_after_av_textblock avia-builder-el-last \" style=\"display: flex; justify-content: center; padding-bottom: 20px;\"><a class=\"avia-button av-19ve6f-63c485316b4b29e0649c758b75b65521 avia-icon_select-no avia-size-medium avia-position-left avia-color-light \" href=\"https:\/\/dev.bourgoing.com\/our-story\/\"><span class=\"avia_iconbox_title\">Voir le programme<\/span><\/a><\/div>\n<\/div>\n<\/div><\/section><section class='slide-entry flex_column post-entry slide-entry-overview slide-loop-4 slide-parity-even  av_one_fifth '  itemscope=\"itemscope\" itemtype=\"https:\/\/schema.org\/CreativeWork\" ><h3 class='slide-entry-title entry-title masquer'  itemprop=\"headline\" >R\u00e9seaux sociaux: techniques de fact-checking et de veille<\/h3><div class='slide-entry-excerpt entry-content'  itemprop=\"text\" ><div style=\"background: white; border-radius: 10px; min-height: 280px;\">\n<p><img loading=\"lazy\" decoding=\"async\" class=\"alignnone wp-image-800 svg-effect\" style=\"padding: 10px; left: 0px; padding-top: 40px; margin-left: auto; margin-right: auto; display: block;\" src=\"\/wp-content\/uploads\/2021\/11\/recherche-social.svg\" alt=\"\" width=\"235\" height=\"182\" \/><\/p>\n<p style=\"text-align: center; margin-top: 15px; color: #27495a; padding-left: 10px; padding-right: 10px;\">R\u00e9seaux sociaux: techniques de fact-checking et de veille<\/p>\n<div class=\"avia-button-wrap avia-button-center avia-builder-el-48 el_after_av_textblock avia-builder-el-last \" style=\"display: flex; justify-content: center; padding-bottom: 20px;\"><a class=\"avia-button av-19ve6f-63c485316b4b29e0649c758b75b65521 avia-icon_select-no avia-size-medium avia-position-left avia-color-light \" href=\"https:\/\/dev.bourgoing.com\/our-story\/\"><span class=\"avia_iconbox_title\">Voir le programme<\/span><\/a><\/div>\n<\/div>\n<\/div><\/section><section class='slide-entry flex_column post-entry slide-entry-overview slide-loop-5 slide-parity-odd  post-entry-last  av_one_fifth '  itemscope=\"itemscope\" itemtype=\"https:\/\/schema.org\/CreativeWork\" ><h3 class='slide-entry-title entry-title masquer'  itemprop=\"headline\" >Confidentialit\u00e9, s\u00e9curit\u00e9  & protection des sources<\/h3><div class='slide-entry-excerpt entry-content'  itemprop=\"text\" ><div style=\"background: white; border-radius: 10px; min-height: 280px;\">\n<p><img loading=\"lazy\" decoding=\"async\" class=\"alignnone wp-image-800 svg-effect\" style=\"padding: 10px; left: 0px; padding-top: 40px; margin-left: auto; margin-right: auto; display: block;\" src=\"\/wp-content\/uploads\/2021\/11\/recherche-images-check.svg\" alt=\"\" width=\"235\" height=\"182\" \/><\/p>\n<p style=\"text-align: center; margin-top: 15px; color: #27495a; padding-left: 10px; padding-right: 10px;\">Confidentialit\u00e9, s\u00e9curit\u00e9 protection des sources<\/p>\n<div class=\"avia-button-wrap avia-button-center avia-builder-el-48 el_after_av_textblock avia-builder-el-last \" style=\"display: flex; justify-content: center; padding-bottom: 20px;\"><a class=\"avia-button av-19ve6f-63c485316b4b29e0649c758b75b65521 avia-icon_select-no avia-size-medium avia-position-left avia-color-light \" href=\"https:\/\/dev.bourgoing.com\/our-story\/\"><span class=\"avia_iconbox_title\">Voir le programme<\/span><\/a><\/div>\n<\/div>\n<\/div><\/section><\/div><\/div><\/div><\/div>\n<\/div><\/div><\/div><!-- close content main div --><\/div><\/div><div id='after_section_2'  class='main_color av_default_container_wrap container_wrap sidebar_right'  ><div class='container av-section-cont-open' ><div class='template-page content  av-content-small alpha units'><div class='post-entry post-entry-type-page post-entry-2108'><div class='entry-content-wrapper clearfix'><\/p>\n<\/div><\/div><\/div><!-- close content main div --><\/div><\/div><div id='av_section_3'  class='avia-section av-72pmj-50f9e8a20b68fcf64f868cf23d2decd1 main_color avia-section-default avia-no-border-styling avia-bg-style-scroll  container_wrap sidebar_right'  ><div class='container av-section-cont-open' ><div class='template-page content  av-content-small alpha units'><div class='post-entry post-entry-type-page post-entry-2108'><div class='entry-content-wrapper clearfix'>\n<div class='flex_column av-h52dn-94e9c581271756433b9fcb4ea175a655 av_three_fifth first flex_column_div '   ><p>\n<style type=\"text\/css\" data-created_by=\"avia_inline_auto\" id=\"style-css-av-kxyk8pxz-8683ab2bc9be09c2b05d7c624c8acf98\">\n#top .av-special-heading.av-kxyk8pxz-8683ab2bc9be09c2b05d7c624c8acf98{\npadding-bottom:10px;\n}\n<\/style>\n<div  class='av-special-heading av-kxyk8pxz-8683ab2bc9be09c2b05d7c624c8acf98 av-special-heading-h2 blockquote modern-quote  titre-trait '><h2 class='av-special-heading-tag '  itemprop=\"headline\"  >Formations sur mesure<\/h2><div class='special-heading-border'><div class='special-heading-inner-border'><\/div><\/div><\/div><br \/>\n<section class=\"av_textblock_section \"  itemscope=\"itemscope\" itemtype=\"https:\/\/schema.org\/CreativeWork\" ><div class='avia_textblock  '   itemprop=\"text\" ><p>Robert Bourgoing propose des formations sur mesure de haut niveau (et formation de formateurs) dispensable en pr\u00e9sentiel ou \u00e0 distance, en fran\u00e7ais ou en anglais.<\/p>\n<p>Ses formations professionnelles sont inspir\u00e9s des meilleures pratiques actuelles, accompagn\u00e9s de nombreux extraits vid\u00e9o, d\u2019\u00e9tudes de cas et d\u2019exercices pratiques.<\/p>\n<\/div><\/section><\/p><\/div>\n<\/div><\/div><\/div><!-- close content main div --><\/div><\/div><div id='after_section_3'  class='main_color av_default_container_wrap container_wrap sidebar_right'  ><div class='container av-section-cont-open' ><div class='template-page content  av-content-small alpha units'><div class='post-entry post-entry-type-page post-entry-2108'><div class='entry-content-wrapper clearfix'>\n<\/div><\/div><\/div><!-- close content main div --><\/div><\/div>\n<style type=\"text\/css\" data-created_by=\"avia_inline_auto\" id=\"style-css-av-2wi1u-9a5ea9e755da1a25115c31e8ef74d1c1\">\n.avia-section.av-2wi1u-9a5ea9e755da1a25115c31e8ef74d1c1{\nbackground-color:#27495a;\nbackground-repeat:no-repeat;\nbackground-image:url(https:\/\/bourgoing.com\/wp-content\/uploads\/2021\/11\/fond-pissenlit.png);\nbackground-position:0% 0%;\nbackground-attachment:scroll;\n}\n<\/style>\n<div id='av_section_4'  class='avia-section av-2wi1u-9a5ea9e755da1a25115c31e8ef74d1c1 main_color avia-section-huge avia-no-border-styling avia-bg-style-scroll  container_wrap sidebar_right'  data-section-bg-repeat='no-repeat'><div class='container av-section-cont-open' ><div class='template-page content  av-content-small alpha units'><div class='post-entry post-entry-type-page post-entry-2108'><div class='entry-content-wrapper clearfix'>\n<div class='flex_column av-23glq-5b54eede92524c33c1cab72ca8f2e972 av_one_full  blanc first flex_column_div '   ><section class=\"av_textblock_section \"  itemscope=\"itemscope\" itemtype=\"https:\/\/schema.org\/CreativeWork\" ><div class='avia_textblock  '   itemprop=\"text\" ><h3 style=\"text-align: center; color: white; font-size: 1.8em;margin-bottom:20px;\">Une demande sp\u00e9cifique, besoin de renseignements ?<\/h3>\n<\/div><\/section><br \/>\n<div  class='avia-button-wrap avia-button-center ' >\n<style type=\"text\/css\" data-created_by=\"avia_inline_auto\" id=\"style-css-av-2r0e-ff7573f50fec889c41b2203fc0818578\">\n#top #wrap_all .avia-button.av-2r0e-ff7573f50fec889c41b2203fc0818578{\ncolor:#ffffff;\nborder-style:solid;\nborder-width:1.5px 1.5px 1.5px 1.5px;\nborder-color:#ffffff;\nbox-shadow:none;\n-webkit-box-shadow:none;\n-moz-box-shadow:none;\ntransition:all 0.4s ease-in-out;\n-webkit-transition:all 0.4s ease-in-out;\n-moz-transition:all 0.4s ease-in-out;\n-ms-transition:all 0.4s ease-in-out;\n-o-transition:all 0.4s ease-in-out;\n}\n#top #wrap_all .avia-button.av-2r0e-ff7573f50fec889c41b2203fc0818578:hover{\nbackground-color:#ffffff;\ncolor:#27495a;\nopacity:1;\ntransition:all 0.4s ease-in-out;\n-webkit-transition:all 0.4s ease-in-out;\n-moz-transition:all 0.4s ease-in-out;\n-ms-transition:all 0.4s ease-in-out;\n-o-transition:all 0.4s ease-in-out;\n}\n<\/style>\n<a href='https:\/\/bourgoing.com\/?page_id=21'  class='avia-button av-2r0e-ff7573f50fec889c41b2203fc0818578 avia-icon_select-no avia-size-large avia-position-center avia-color-light ' ><span class='avia_iconbox_title' >Contactez-moi<\/span><\/a><\/div><\/p><\/div>\n<\/div><\/div><\/div><!-- close content main div --><\/div><\/div><div id='after_section_4'  class='main_color av_default_container_wrap container_wrap sidebar_right'  ><div class='container av-section-cont-open' ><div class='template-page content  av-content-small alpha units'><div class='post-entry post-entry-type-page post-entry-2108'><div class='entry-content-wrapper clearfix'>\n","protected":false},"excerpt":{"rendered":"","protected":false},"author":1,"featured_media":0,"parent":0,"menu_order":0,"comment_status":"open","ping_status":"closed","template":"","meta":{"_monsterinsights_skip_tracking":false,"_monsterinsights_sitenote_active":false,"_monsterinsights_sitenote_note":"","_monsterinsights_sitenote_category":0,"_joinchat":[],"footnotes":""},"class_list":["post-2108","page","type-page","status-publish","hentry"],"_links":{"self":[{"href":"https:\/\/bourgoing.com\/en\/wp-json\/wp\/v2\/pages\/2108","targetHints":{"allow":["GET"]}}],"collection":[{"href":"https:\/\/bourgoing.com\/en\/wp-json\/wp\/v2\/pages"}],"about":[{"href":"https:\/\/bourgoing.com\/en\/wp-json\/wp\/v2\/types\/page"}],"author":[{"embeddable":true,"href":"https:\/\/bourgoing.com\/en\/wp-json\/wp\/v2\/users\/1"}],"replies":[{"embeddable":true,"href":"https:\/\/bourgoing.com\/en\/wp-json\/wp\/v2\/comments?post=2108"}],"version-history":[{"count":4,"href":"https:\/\/bourgoing.com\/en\/wp-json\/wp\/v2\/pages\/2108\/revisions"}],"predecessor-version":[{"id":2456,"href":"https:\/\/bourgoing.com\/en\/wp-json\/wp\/v2\/pages\/2108\/revisions\/2456"}],"wp:attachment":[{"href":"https:\/\/bourgoing.com\/en\/wp-json\/wp\/v2\/media?parent=2108"}],"curies":[{"name":"wp","href":"https:\/\/api.w.org\/{rel}","templated":true}]}}