{"id":2064,"date":"2022-03-14T09:17:48","date_gmt":"2022-03-14T08:17:48","guid":{"rendered":"https:\/\/bourgoing.com\/big-data-et-data-journalisme\/"},"modified":"2022-03-23T20:27:01","modified_gmt":"2022-03-23T19:27:01","slug":"big-data-et-data-journalisme","status":"publish","type":"page","link":"https:\/\/bourgoing.com\/en\/big-data-et-data-journalisme\/","title":{"rendered":"Big Data &#038; Data Journalism"},"content":{"rendered":"\n<style type=\"text\/css\" data-created_by=\"avia_inline_auto\" id=\"style-css-av-14ru56-3e874f8fe278da839753a6b806b49d05\">\n.avia-section.av-14ru56-3e874f8fe278da839753a6b806b49d05{\nbackground-color:#f4f4f1;\nmargin-top:0;\nmargin-bottom:0px;\n}\n<\/style>\n<div id='values'  class='avia-section av-14ru56-3e874f8fe278da839753a6b806b49d05 main_color avia-section-default avia-no-border-styling  avia-builder-el-0  el_before_av_layout_row  avia-builder-el-first  avia-bg-style-scroll  container_wrap sidebar_right'  ><div class='container av-section-cont-open' ><main  role=\"main\" itemprop=\"mainContentOfPage\"  class='template-page content  av-content-small alpha units'><div class='post-entry post-entry-type-page post-entry-2064'><div class='entry-content-wrapper clearfix'>\n<div class='flex_column av-11f7bi-53d99803885a95ee9194f350085b8601 av_one_full  avia-builder-el-1  el_before_av_one_third  avia-builder-el-first  first flex_column_div '   ><p>\n<style type=\"text\/css\" data-created_by=\"avia_inline_auto\" id=\"style-css-av-27kfy-e9a1414a56f297e13d0113603dd82c13\">\n#top .av-special-heading.av-27kfy-e9a1414a56f297e13d0113603dd82c13{\nmargin:30px 0 10px 0;\npadding-bottom:10px;\nfont-size:32px;\n}\n.av-special-heading.av-27kfy-e9a1414a56f297e13d0113603dd82c13 .av-subheading{\nfont-size:15px;\n}\n<\/style>\n<div  class='av-special-heading av-27kfy-e9a1414a56f297e13d0113603dd82c13 av-special-heading-h1 custom-color-heading blockquote classic-quote classic-quote-left  avia-builder-el-2  el_before_av_hr  avia-builder-el-first  av-inherit-size '><div class='av-subheading av-subheading_above '><p>Journalisme Environemental<\/p>\n<\/div><h1 class='av-special-heading-tag '  itemprop=\"headline\"  >Enqu\u00eater depuis l\u2019espace : une nouvelle \u00e8re en journalisme environnemental<\/h1><div class='special-heading-border'><div class='special-heading-inner-border'><\/div><\/div><\/div><br \/>\n\n<style type=\"text\/css\" data-created_by=\"avia_inline_auto\" id=\"style-css-av-xr52q-63d191fcf466ddf332b2494475b00661\">\n#top .hr.av-xr52q-63d191fcf466ddf332b2494475b00661{\nmargin-top:0px;\nmargin-bottom:0px;\n}\n.hr.av-xr52q-63d191fcf466ddf332b2494475b00661 .hr-inner{\nwidth:50px;\nborder-color:#27495a;\n}\n<\/style>\n<div  class='hr av-xr52q-63d191fcf466ddf332b2494475b00661 hr-custom  avia-builder-el-3  el_after_av_heading  avia-builder-el-last  hr-left hr-icon-no '><span class='hr-inner inner-border-av-border-fat'><span class=\"hr-inner-style\"><\/span><\/span><\/div><\/p><\/div><div class='flex_column av-edhk2-c8181229bb333eddbdf7a8acecdbe8d7 av_one_third  avia-builder-el-4  el_after_av_one_full  el_before_av_one_third  first flex_column_div column-top-margin'   ><section class=\"av_textblock_section \"  itemscope=\"itemscope\" itemtype=\"https:\/\/schema.org\/CreativeWork\" ><div class='avia_textblock  '   itemprop=\"text\" ><h3>Pr\u00e9sentation g\u00e9n\u00e9rale<\/h3>\n<p class=\"p1\"><span class=\"s1\">Ce cours pr\u00e9sente diff\u00e9rentes m\u00e9thodes et outils de recherche et de v\u00e9rification des contenus g\u00e9n\u00e9r\u00e9s par les utilisateurs des r\u00e9seaux sociaux.<\/span><\/p>\n<p><img loading=\"lazy\" decoding=\"async\" class=\"alignnone wp-image-800\" style=\"padding: 10px; left: 0px; padding-top: 40px; margin-left: auto; margin-right: auto; display: block;\" src=\"\/wp-content\/uploads\/2021\/11\/recherche-social.svg\" alt=\"\" width=\"235\" height=\"182\" \/><\/p>\n<\/div><\/section><\/div><div class='flex_column av-107zdm-dda7b463f47ad6bbd497143e7dfa8c11 av_one_third  avia-builder-el-6  el_after_av_one_third  el_before_av_one_third  flex_column_div column-top-margin'   ><section class=\"av_textblock_section \"  itemscope=\"itemscope\" itemtype=\"https:\/\/schema.org\/CreativeWork\" ><div class='avia_textblock  '   itemprop=\"text\" ><h3>Objectifs du cours<\/h3>\n<p class=\"p1\"><span class=\"s1\">Au-del\u00e0 de leur utilisation pour le divertissement et la communication, les r\u00e9seaux sociaux sont une source d&#8217;information de plus en plus importante pour la majorit\u00e9 des citoyens. <\/span><\/p>\n<p class=\"p1\"><span class=\"s1\">Ces informations multiformes, produites \u00e0 une rapidit\u00e9 croissante, par des sources innombrables dont la qualit\u00e9 et la fiabilit\u00e9 sont extr\u00eamement variables, requi\u00e8rent des comp\u00e9tences de recherche et de v\u00e9rification essentielles pour les professionnels de la communication et de l&#8217;information.<\/span><\/p>\n<\/div><\/section><\/div><div class='flex_column av-z2zu6-5dbb6d2e53eb1aff50c4d1bcdd8bc24f av_one_third  avia-builder-el-8  el_after_av_one_third  avia-builder-el-last  flex_column_div column-top-margin'   ><section class=\"av_textblock_section \"  itemscope=\"itemscope\" itemtype=\"https:\/\/schema.org\/CreativeWork\" ><div class='avia_textblock  '   itemprop=\"text\" ><h3>Comp\u00e9tences vis\u00e9es<\/h3>\n<ul class=\"ul1\">\n<li class=\"li1\"><span class=\"s2\">D\u00e9velopper son sens critique par rapport aux informations publi\u00e9es et diffus\u00e9es via les r\u00e9seaux sociaux.<\/span><\/li>\n<li class=\"li1\"><span class=\"s2\">Savoir utiliser diff\u00e9rentes techniques et outils pour chercher de mani\u00e8re m\u00e9thodique, v\u00e9rifier et tirer du sens de la masse d&#8217;informations publi\u00e9es dans les r\u00e9seaux sociaux.<\/span><\/li>\n<li class=\"li1\"><span class=\"s2\">Mettre en place sa veille digitale avec Facebook et Twitter.<\/span><\/li>\n<\/ul>\n<\/div><\/section><\/div><\/div><\/div><\/main><!-- close content main element --><\/div><\/div><div id='av-layout-grid-1'  class='av-layout-grid-container entry-content-wrapper main_color av-flex-cells     avia-builder-el-10  el_after_av_section  el_before_av_section  container padding-normal submenu-not-first container_wrap sidebar_right'  >\n<div class=\"flex_cell no_margin av_one_half  avia-builder-el-11  el_before_av_cell_one_half  avia-builder-el-first   av-zero-padding \"  style='vertical-align:top; padding:0px; ' ><div class='flex_cell_inner' ><div class='flex_column av-2r0e-31c49fe175520a1b230a480d822dcec7 av_one_full  avia-builder-el-12  avia-builder-el-no-sibling  first flex_column_div '   ><p>\n<style type=\"text\/css\" data-created_by=\"avia_inline_auto\" id=\"style-css-av-o0iq-a86f757269f10b2ff6a3fda86c41f232\">\n#top .av-special-heading.av-o0iq-a86f757269f10b2ff6a3fda86c41f232{\npadding-bottom:10px;\n}\n<\/style>\n<div  class='av-special-heading av-o0iq-a86f757269f10b2ff6a3fda86c41f232 av-special-heading-h2 blockquote modern-quote  avia-builder-el-13  el_before_av_codeblock  avia-builder-el-first  titre-trait '><h2 class='av-special-heading-tag '  itemprop=\"headline\"  >Le programme<\/h2><div class='special-heading-border'><div class='special-heading-inner-border'><\/div><\/div><\/div><br \/>\n<br \/>\n\n<style type=\"text\/css\" data-created_by=\"avia_inline_auto\" id=\"style-css-av-kvrvzq8e-ee533a765ac66960ab7a75e103d92dfe\">\n#top .togglecontainer.av-kvrvzq8e-ee533a765ac66960ab7a75e103d92dfe p.toggler{\ncolor:#27495a;\nbackground-color:rgba(255,255,255,0.01);\nborder-color:#27495a;\n}\n#top .togglecontainer.av-kvrvzq8e-ee533a765ac66960ab7a75e103d92dfe p.toggler.activeTitle{\ncolor:#ffffff;\nborder-color:#ffffff;\nbackground-color:#003a59;\n}\n#top .togglecontainer.av-kvrvzq8e-ee533a765ac66960ab7a75e103d92dfe p.toggler:not(.activeTitle):hover{\ncolor:#ffffff;\nbackground-color:#003a59;\n}\n#top .togglecontainer.av-kvrvzq8e-ee533a765ac66960ab7a75e103d92dfe p.toggler:not(.activeTitle):hover .toggle_icon, #top .togglecontainer.av-kvrvzq8e-ee533a765ac66960ab7a75e103d92dfe p.toggler:not(.activeTitle):hover .toggle_icon *{\nborder-color:#ffffff !important;\n}\n#top .togglecontainer.av-kvrvzq8e-ee533a765ac66960ab7a75e103d92dfe p.toggler .toggle_icon{\ncolor:#27495a;\nborder-color:#27495a;\n}\n#top .togglecontainer.av-kvrvzq8e-ee533a765ac66960ab7a75e103d92dfe p.toggler .toggle_icon > span{\ncolor:#27495a;\nborder-color:#27495a;\n}\n#top .togglecontainer.av-kvrvzq8e-ee533a765ac66960ab7a75e103d92dfe p.toggler.activeTitle .toggle_icon, #top .togglecontainer.av-kvrvzq8e-ee533a765ac66960ab7a75e103d92dfe p.toggler.activeTitle .toggle_icon > span{\ncolor:#ffffff;\nborder-color:#ffffff;\n}\n#top .togglecontainer.av-kvrvzq8e-ee533a765ac66960ab7a75e103d92dfe .toggle_wrap .toggle_content{\ncolor:#27495a;\nbackground-color:rgba(255,255,255,0.01);\nborder-color:#27495a;\n}\n<\/style>\n<div  class='togglecontainer av-kvrvzq8e-ee533a765ac66960ab7a75e103d92dfe av-elegant-toggle  avia-builder-el-15  el_after_av_codeblock  avia-builder-el-last  ' >\n<section class='av_toggle_section av-kvrvyq2y-c6963ebb49af46daa004bb10cee52018'  itemscope=\"itemscope\" itemtype=\"https:\/\/schema.org\/CreativeWork\" ><div role=\"tablist\" class=\"single_toggle\" data-tags=\"{All} \"  ><p data-fake-id='#toggle-id-1' class='toggler   av-inherit-border-color'  itemprop=\"headline\"  role='tab' tabindex='0' aria-controls='toggle-id-1'>S\u00e9quence 1<span class=\"toggle_icon\"><span class=\"vert_icon\"><\/span><span class=\"hor_icon\"><\/span><\/span><\/p><div id='toggle-id-1' class='toggle_wrap  '  ><div class='toggle_content invers-color av-inherit-border-color'  itemprop=\"text\" ><ul class=\"ul1\">\n<li class=\"li1\"><span class=\"s2\">Opportunit\u00e9s et risques li\u00e9s aux contenus produits et partag\u00e9s dans les r\u00e9seaux sociaux<\/span><\/li>\n<li class=\"li1\"><span class=\"s2\">Les \u00e9tapes fondamentales de la v\u00e9rification des UGC<\/span>\n<ul class=\"ul2\">\n<li class=\"li2\"><span class=\"s2\">provenance : comment remonter au contenu d\u2019origine (Tweet, image, vid\u00e9o, SMS, etc.)<\/span><\/li>\n<li class=\"li2\"><span class=\"s2\">source : qui est l\u2019auteur ou quelle est l\u2019origine de ce contenu (identit\u00e9, cr\u00e9dibilit\u00e9, etc.)<\/span><\/li>\n<li class=\"li2\"><span class=\"s2\">contenu : quelles sont les sources ? quand et o\u00f9 les visuels ont-ils \u00e9t\u00e9 produits ? dans quel contexte ?<\/span><\/li>\n<\/ul>\n<\/li>\n<\/ul>\n<\/div><\/div><\/div><\/section>\n<section class='av_toggle_section av-kvrvz1d7-f82cf2325bf379b626b2327bce08fe9d'  itemscope=\"itemscope\" itemtype=\"https:\/\/schema.org\/CreativeWork\" ><div role=\"tablist\" class=\"single_toggle\" data-tags=\"{All} \"  ><p data-fake-id='#toggle-id-2' class='toggler   av-inherit-border-color'  itemprop=\"headline\"  role='tab' tabindex='0' aria-controls='toggle-id-2'>S\u00e9quence 2<span class=\"toggle_icon\"><span class=\"vert_icon\"><\/span><span class=\"hor_icon\"><\/span><\/span><\/p><div id='toggle-id-2' class='toggle_wrap  '  ><div class='toggle_content invers-color av-inherit-border-color'  itemprop=\"text\" ><ul class=\"ul1\">\n<li class=\"li1\"><span class=\"s2\">La navigation, la recherche et la v\u00e9rification d'infirmations dans l'univers Facebook<\/span>\n<ul class=\"ul2\">\n<li class=\"li2\"><span class=\"s2\">L'interface et les services disponibles<\/span><\/li>\n<li class=\"li2\"><span class=\"s2\">Les outils de recherche: le moteur int\u00e9gr\u00e9 (texte, photos, vid\u00e9os, etc.), le 'd\u00e9funt' Graph Search<\/span><\/li>\n<li class=\"li2\"><span class=\"s2\">La recherche Facebook avec Google (avec les op\u00e9rateurs site:, before:, after:, etc.) ex: site:facebook.com\/*\/posts\/<span class=\"Apple-converted-space\">\u00a0 <\/span>\/photos\/<span class=\"Apple-converted-space\">\u00a0 <\/span>\/videos\/<span class=\"Apple-converted-space\">\u00a0 <\/span>\/groups\/<span class=\"Apple-converted-space\">\u00a0 <\/span>\/events\/<span class=\"Apple-converted-space\">\u00a0 <\/span>\/places\/<\/span><\/li>\n<li class=\"li2\"><span class=\"s2\">Autres outils et techniques: \"transparence de la page\", outils tiers (pour trouver l'identifiant d'utilisateur, de page, de groupe, pour des recherches textuelles \u00e0 une date pr\u00e9cise) \u2013 whopostedwhat, sowdust, DownAlbum, etc.<\/span><\/li>\n<\/ul>\n<\/li>\n<\/ul>\n<\/div><\/div><\/div><\/section>\n<section class='av_toggle_section av-kvrw0db1-c3f4ddb0ac562461ce73d6da6a831b39'  itemscope=\"itemscope\" itemtype=\"https:\/\/schema.org\/CreativeWork\" ><div role=\"tablist\" class=\"single_toggle\" data-tags=\"{All} \"  ><p data-fake-id='#toggle-id-3' class='toggler   av-inherit-border-color'  itemprop=\"headline\"  role='tab' tabindex='0' aria-controls='toggle-id-3'>S\u00e9quence 3<span class=\"toggle_icon\"><span class=\"vert_icon\"><\/span><span class=\"hor_icon\"><\/span><\/span><\/p><div id='toggle-id-3' class='toggle_wrap  '  ><div class='toggle_content invers-color av-inherit-border-color'  itemprop=\"text\" ><ul class=\"ul1\">\n<li class=\"li1\"><span class=\"s2\">La veille avec Facebook : notifications de pages, groupes et outils d'alerte<\/span><\/li>\n<li class=\"li1\"><span class=\"s2\">Le monde de Twitter, mine d'infos et\u2026 d'infox: sp\u00e9cificit\u00e9s, interface et fonctionnalit\u00e9s, usages journalistiques<\/span><\/li>\n<li class=\"li2\"><span class=\"s2\">Comment d\u00e9masquer les \u2018bots\u2019, comptes automatis\u00e9s utilis\u00e9s pour la d\u00e9sinformation<\/span><\/li>\n<\/ul>\n<\/div><\/div><\/div><\/section>\n<section class='av_toggle_section av-kvrw0p3l-0f9193cf9b8491484defd617b2bab0c1'  itemscope=\"itemscope\" itemtype=\"https:\/\/schema.org\/CreativeWork\" ><div role=\"tablist\" class=\"single_toggle\" data-tags=\"{All} \"  ><p data-fake-id='#toggle-id-4' class='toggler   av-inherit-border-color'  itemprop=\"headline\"  role='tab' tabindex='0' aria-controls='toggle-id-4'>S\u00e9quence 4<span class=\"toggle_icon\"><span class=\"vert_icon\"><\/span><span class=\"hor_icon\"><\/span><\/span><\/p><div id='toggle-id-4' class='toggle_wrap  '  ><div class='toggle_content invers-color av-inherit-border-color'  itemprop=\"text\" ><ul class=\"ul1\">\n<li class=\"li1\"><span class=\"s2\">La recherche et la veille dans Twitter<span class=\"Apple-converted-space\">\u00a0<\/span><\/span>\n<ul class=\"ul2\">\n<li class=\"li2\"><span class=\"s2\">l'interface<\/span><\/li>\n<li class=\"li2\"><span class=\"s2\">les techniques simples et avanc\u00e9es, recherche par lieux (geocode:), par dates, etc.<\/span><\/li>\n<li class=\"li2\"><span class=\"s2\">la recherche d'influenceurs et la cr\u00e9ation de listes (avec Twitter, FollowerWonk, etc.)<\/span><\/li>\n<\/ul>\n<\/li>\n<\/ul>\n<\/div><\/div><\/div><\/section>\n<section class='av_toggle_section av-kvrw0yuv-e78f28d7f891055c68a05591fc054bac'  itemscope=\"itemscope\" itemtype=\"https:\/\/schema.org\/CreativeWork\" ><div role=\"tablist\" class=\"single_toggle\" data-tags=\"{All} \"  ><p data-fake-id='#toggle-id-5' class='toggler   av-inherit-border-color'  itemprop=\"headline\"  role='tab' tabindex='0' aria-controls='toggle-id-5'>S\u00e9quence 5<span class=\"toggle_icon\"><span class=\"vert_icon\"><\/span><span class=\"hor_icon\"><\/span><\/span><\/p><div id='toggle-id-5' class='toggle_wrap  '  ><div class='toggle_content invers-color av-inherit-border-color'  itemprop=\"text\" ><ul class=\"ul1\">\n<li class=\"li1\"><span class=\"s2\">La recherche et la veille dans Twitter (suite)<\/span>\n<ul class=\"ul2\">\n<li class=\"li2\"><span class=\"s2\">la recherche d'influenceurs et la cr\u00e9ation de listes: exercices pratiques<\/span><\/li>\n<li class=\"li2\"><span class=\"s2\">pr\u00e9sentation des listes d'influenceurs constitu\u00e9es par les participants<br \/>\n<\/span><\/li>\n<\/ul>\n<\/li>\n<\/ul>\n<\/div><\/div><\/div><\/section>\n<section class='av_toggle_section av-kvrw190a-7bf40b958d8e919b477405740b8fdc47'  itemscope=\"itemscope\" itemtype=\"https:\/\/schema.org\/CreativeWork\" ><div role=\"tablist\" class=\"single_toggle\" data-tags=\"{All} \"  ><p data-fake-id='#toggle-id-6' class='toggler   av-inherit-border-color'  itemprop=\"headline\"  role='tab' tabindex='0' aria-controls='toggle-id-6'>S\u00e9quence 6<span class=\"toggle_icon\"><span class=\"vert_icon\"><\/span><span class=\"hor_icon\"><\/span><\/span><\/p><div id='toggle-id-6' class='toggle_wrap  '  ><div class='toggle_content invers-color av-inherit-border-color'  itemprop=\"text\" ><p class=\"p1\"><span class=\"s1\">La veille avec Twitter: param\u00e9trage de TweetDeck en fonction des reportages en cours des participants<\/span><\/p>\n<\/div><\/div><\/div><\/section>\n<\/div><\/p><\/div>\n<\/div><\/div><div class=\"flex_cell no_margin av_one_half  avia-builder-el-16  el_after_av_cell_one_half  avia-builder-el-last   \"  style='vertical-align:top; padding:0px 0px 0px 3% ; ' ><div class='flex_cell_inner' ><p><div class='flex_column av-8vt1m-bccbf83818dd368e2cee2350fe867289 av_one_full  avia-builder-el-17  avia-builder-el-no-sibling  first flex_column_div '   ><style type=\"text\/css\" data-created_by=\"avia_inline_auto\" id=\"style-css-av-kzmlpsyf-723dc6d3e4d3dd28b0f5b37dff0b146c\">\n#top .av-special-heading.av-kzmlpsyf-723dc6d3e4d3dd28b0f5b37dff0b146c{\npadding-bottom:10px;\n}\n<\/style>\n<div  class='av-special-heading av-kzmlpsyf-723dc6d3e4d3dd28b0f5b37dff0b146c av-special-heading-h2 blockquote modern-quote  avia-builder-el-18  el_before_av_content_slider  avia-builder-el-first  titre-trait '><h2 class='av-special-heading-tag '  itemprop=\"headline\"  >Chiffres cl\u00e9s<\/h2><div class='special-heading-border'><div class='special-heading-inner-border'><\/div><\/div><\/div><\/div><div class='flex_column av-j7uka-0ca2a9ef8d9572bf78afc0a2b5561928 av_one_half first flex_column_div '   ><p><div  class=\"avia-animated-number av-lxv42-581edd95a3444d9b942f9c8a65cf4a69 av-force-default-color avia_animate_when_visible \" data-timer=\"3000\"><strong class=\"heading avia-animated-number-title\"><span class=\"avia-single-number __av-single-number\" data-number_format=\"\" data-number=\"100\" data-start_from=\"0\">100<\/span><\/strong><div class=\"avia-animated-number-content\"><p>Ajouter votre propre texte<\/p>\n<\/div><\/div><br \/>\n<div  class='hr av-1hn96-118e989479302598dc4752bd0d99d06b hr-default '><span class='hr-inner '><span class=\"hr-inner-style\"><\/span><\/span><\/div><br \/>\n<div  class=\"avia-animated-number av-758qa-a3e4d6e671a1effe6e30c99fb317e983 av-force-default-color avia_animate_when_visible \" data-timer=\"3000\"><strong class=\"heading avia-animated-number-title\"><span class=\"avia-single-number __av-single-number\" data-number_format=\"\" data-number=\"100\" data-start_from=\"0\">100<\/span><\/strong><div class=\"avia-animated-number-content\"><p>Ajouter votre propre texte<\/p>\n<\/div><\/div><\/p><\/div><div class='flex_column av-rifsi-fd21f1d530c08782861b60e187ea0420 av_one_half flex_column_div '   ><p><div  class=\"avia-animated-number av-l1ppe-3b8344e1e8ab7d3fea9c0978d9ded906 av-force-default-color avia_animate_when_visible \" data-timer=\"3000\"><strong class=\"heading avia-animated-number-title\"><span class=\"avia-single-number __av-single-number\" data-number_format=\"\" data-number=\"100\" data-start_from=\"0\">100<\/span><\/strong><div class=\"avia-animated-number-content\"><p>Ajouter votre propre texte<\/p>\n<\/div><\/div><br \/>\n<div  class='hr av-epapm-b0eb43a2fca527d647078f93a35c3381 hr-default '><span class='hr-inner '><span class=\"hr-inner-style\"><\/span><\/span><\/div><br \/>\n<div  class=\"avia-animated-number av-7d34y-480bae68dc90bd177330418d5d87f727 av-force-default-color avia_animate_when_visible \" data-timer=\"3000\"><strong class=\"heading avia-animated-number-title\"><span class=\"avia-single-number __av-single-number\" data-number_format=\"\" data-number=\"100\" data-start_from=\"0\">100<\/span><\/strong><div class=\"avia-animated-number-content\"><p>Ajouter votre propre texte<\/p>\n<\/div><\/div><\/p><\/div><\/p>\n<\/div><\/div><\/div><\/div><\/div><\/div><!-- close content main div --><\/div><\/div>\n<style type=\"text\/css\" data-created_by=\"avia_inline_auto\" id=\"style-css-av-2wi1u-9a5ea9e755da1a25115c31e8ef74d1c1\">\n.avia-section.av-2wi1u-9a5ea9e755da1a25115c31e8ef74d1c1{\nbackground-color:#27495a;\nbackground-repeat:no-repeat;\nbackground-image:url(https:\/\/bourgoing.com\/wp-content\/uploads\/2021\/11\/fond-pissenlit.png);\nbackground-position:0% 0%;\nbackground-attachment:scroll;\n}\n<\/style>\n<div id='av_section_2'  class='avia-section av-2wi1u-9a5ea9e755da1a25115c31e8ef74d1c1 main_color avia-section-huge avia-no-border-styling avia-bg-style-scroll  container_wrap sidebar_right'  data-section-bg-repeat='no-repeat'><div class='container av-section-cont-open' ><div class='template-page content  av-content-small alpha units'><div class='post-entry post-entry-type-page post-entry-2064'><div class='entry-content-wrapper clearfix'>\n<div class='flex_column av-23glq-5b54eede92524c33c1cab72ca8f2e972 av_one_full  blanc first flex_column_div '   ><section class=\"av_textblock_section \"  itemscope=\"itemscope\" itemtype=\"https:\/\/schema.org\/CreativeWork\" ><div class='avia_textblock  '   itemprop=\"text\" ><h3 style=\"text-align: center; color: white; font-size: 1.8em;margin-bottom:20px;\">Une demande sp\u00e9cifique, besoin de renseignements ?<\/h3>\n<\/div><\/section><br \/>\n<div  class='avia-button-wrap avia-button-center ' >\n<style type=\"text\/css\" data-created_by=\"avia_inline_auto\" id=\"style-css-av-2r0e-bb53c9a6c067a5208673f7329b67c548\">\n#top #wrap_all .avia-button.av-2r0e-bb53c9a6c067a5208673f7329b67c548{\ncolor:#ffffff;\nborder-style:solid;\nborder-width:1.5px 1.5px 1.5px 1.5px;\nborder-color:#ffffff;\nbox-shadow:none;\n-webkit-box-shadow:none;\n-moz-box-shadow:none;\ntransition:all 0.4s ease-in-out;\n-webkit-transition:all 0.4s ease-in-out;\n-moz-transition:all 0.4s ease-in-out;\n-ms-transition:all 0.4s ease-in-out;\n-o-transition:all 0.4s ease-in-out;\n}\n#top #wrap_all .avia-button.av-2r0e-bb53c9a6c067a5208673f7329b67c548:hover{\nbackground-color:#ffffff;\ncolor:#27495a;\nopacity:1;\ntransition:all 0.4s ease-in-out;\n-webkit-transition:all 0.4s ease-in-out;\n-moz-transition:all 0.4s ease-in-out;\n-ms-transition:all 0.4s ease-in-out;\n-o-transition:all 0.4s ease-in-out;\n}\n<\/style>\n<a href='https:\/\/bourgoing.com\/a-propos\/'  class='avia-button av-2r0e-bb53c9a6c067a5208673f7329b67c548 avia-icon_select-no avia-size-large avia-position-center avia-color-light ' ><span class='avia_iconbox_title' >Contactez-moi<\/span><\/a><\/div><\/p><\/div>\n<\/div><\/div><\/div><!-- close content main div --><\/div><\/div><div id='after_section_2'  class='main_color av_default_container_wrap container_wrap sidebar_right'  ><div class='container av-section-cont-open' ><div class='template-page content  av-content-small alpha units'><div class='post-entry post-entry-type-page post-entry-2064'><div class='entry-content-wrapper clearfix'><\/p>\n","protected":false},"excerpt":{"rendered":"","protected":false},"author":2,"featured_media":0,"parent":0,"menu_order":0,"comment_status":"open","ping_status":"closed","template":"","meta":{"_monsterinsights_skip_tracking":false,"_monsterinsights_sitenote_active":false,"_monsterinsights_sitenote_note":"","_monsterinsights_sitenote_category":0,"_joinchat":[],"footnotes":""},"class_list":["post-2064","page","type-page","status-publish","hentry"],"_links":{"self":[{"href":"https:\/\/bourgoing.com\/en\/wp-json\/wp\/v2\/pages\/2064","targetHints":{"allow":["GET"]}}],"collection":[{"href":"https:\/\/bourgoing.com\/en\/wp-json\/wp\/v2\/pages"}],"about":[{"href":"https:\/\/bourgoing.com\/en\/wp-json\/wp\/v2\/types\/page"}],"author":[{"embeddable":true,"href":"https:\/\/bourgoing.com\/en\/wp-json\/wp\/v2\/users\/2"}],"replies":[{"embeddable":true,"href":"https:\/\/bourgoing.com\/en\/wp-json\/wp\/v2\/comments?post=2064"}],"version-history":[{"count":1,"href":"https:\/\/bourgoing.com\/en\/wp-json\/wp\/v2\/pages\/2064\/revisions"}],"predecessor-version":[{"id":2065,"href":"https:\/\/bourgoing.com\/en\/wp-json\/wp\/v2\/pages\/2064\/revisions\/2065"}],"wp:attachment":[{"href":"https:\/\/bourgoing.com\/en\/wp-json\/wp\/v2\/media?parent=2064"}],"curies":[{"name":"wp","href":"https:\/\/api.w.org\/{rel}","templated":true}]}}